{"id":71,"date":"2023-12-02T15:44:52","date_gmt":"2023-12-02T14:44:52","guid":{"rendered":"https:\/\/ismerosok.hu\/?page_id=71"},"modified":"2025-12-18T15:00:55","modified_gmt":"2025-12-18T14:00:55","slug":"welcome","status":"publish","type":"page","link":"https:\/\/kozossegioldalam.hu\/hu\/welcome\/","title":{"rendered":"\u00dcdv\u00f6z\u00f6lj\u00fck"},"content":{"rendered":"\n<h2 class=\"wp-block-heading\"><\/h2>\n\n\n\n<style>\n\n#szem-ikon { background-color: #0966ff; padding:15px; border-radius: 5px;}\n.ps-form__field--icon>i {top:35% !important;}\n\n<\/style>\n\n\n<script>\nwindow.addEventListener(\"DOMContentLoaded\", () => {\n\/\/ Create a button element\n      const button15 = document.createElement('a')\n\n\n  let password = document.getElementsByClassName('ps-input ps-input--sm ps-input--icon ');\n\n\n      \/\/ Set the button text to 'Can you click me?'\n      button15.innerHTML= \"<a><img src=\\\"https:\/\/kozossegioldalam.hu\/wp-content\/uploads\/2024\/02\/output-onlinepngtools.png\\\" width=\\\"16px\\\"><\/a>\";\n\n      button15.id = 'szem-ikon'\n\n      \/\/ Attach the \"click\" event to your button\n      button15.addEventListener('click', () => {\n\n\nif (password[1].type != 'text') {\n\n \n        button15.innerHTML = \"<a><img src=\\\"https:\/\/kozossegioldalam.hu\/wp-content\/uploads\/2024\/02\/output-onlinepngtools-1.png\\\" width=\\\"16px\\\"><\/a>\";\n        password[1].type = 'text';\n\n\n} else {\n \n        button15.innerHTML = \"<a><img src=\\\"https:\/\/kozossegioldalam.hu\/wp-content\/uploads\/2024\/02\/output-onlinepngtools.png\\\" width=\\\"16px\\\"><\/a>\";\n        password[1].type = 'password';\n\n\n}\n\n\n      })\n\t  \n  password[1].after(button15);\n\n\n\n\n\n    });\n\n\n<\/script>\n","protected":false},"excerpt":{"rendered":"","protected":false},"author":91,"featured_media":3496,"parent":0,"menu_order":0,"comment_status":"closed","ping_status":"closed","template":"page-tpl-landing.php","meta":{"om_disable_all_campaigns":false,"_monsterinsights_skip_tracking":false,"_monsterinsights_sitenote_active":false,"_monsterinsights_sitenote_note":"","_monsterinsights_sitenote_category":0,"_uf_show_specific_survey":0,"_uf_disable_surveys":false,"footnotes":""},"class_list":["post-71","page","type-page","status-publish","has-post-thumbnail","hentry"],"aioseo_notices":[],"_links":{"self":[{"href":"https:\/\/kozossegioldalam.hu\/hu\/wp-json\/wp\/v2\/pages\/71","targetHints":{"allow":["GET"]}}],"collection":[{"href":"https:\/\/kozossegioldalam.hu\/hu\/wp-json\/wp\/v2\/pages"}],"about":[{"href":"https:\/\/kozossegioldalam.hu\/hu\/wp-json\/wp\/v2\/types\/page"}],"author":[{"embeddable":true,"href":"https:\/\/kozossegioldalam.hu\/hu\/wp-json\/wp\/v2\/users\/91"}],"replies":[{"embeddable":true,"href":"https:\/\/kozossegioldalam.hu\/hu\/wp-json\/wp\/v2\/comments?post=71"}],"version-history":[{"count":111,"href":"https:\/\/kozossegioldalam.hu\/hu\/wp-json\/wp\/v2\/pages\/71\/revisions"}],"predecessor-version":[{"id":2393,"href":"https:\/\/kozossegioldalam.hu\/hu\/wp-json\/wp\/v2\/pages\/71\/revisions\/2393"}],"wp:featuredmedia":[{"embeddable":true,"href":"https:\/\/kozossegioldalam.hu\/hu\/wp-json\/wp\/v2\/media\/3496"}],"wp:attachment":[{"href":"https:\/\/kozossegioldalam.hu\/hu\/wp-json\/wp\/v2\/media?parent=71"}],"curies":[{"name":"wp","href":"https:\/\/api.w.org\/{rel}","templated":true}]}}