{"id":9,"date":"2023-12-02T13:17:13","date_gmt":"2023-12-02T12:17:13","guid":{"rendered":"https:\/\/ismerosok.hu\/index.php\/register\/"},"modified":"2024-02-27T17:27:57","modified_gmt":"2024-02-27T16:27:57","slug":"register","status":"publish","type":"page","link":"https:\/\/kozossegioldalam.hu\/hu\/register\/","title":{"rendered":"Regisztr\u00e1ci\u00f3"},"content":{"rendered":"<div id=\"peepso-wrap\">\n<!-- PEEPSO WRAPPER -->\n<div class=\"peepso\">\n\t<div class=\"ps-page ps-page--register ps-page--register-main\">\n\t\t<div class=\"psf-register psf-register--main\">\n\t\t\t\n\t\t\t\n\t\t\t<!-- REGISTER FORM -->\n\t\t\t<form name=\"profile-edit\" id=\"profile-edit\"  action=\"https:\/\/kozossegioldalam.hu\/hu\/register\/\"  method=\"POST\"  class=\"ps-form ps-form--register ps-form--register-main cform community-form-validate ps-js-form-register\"  autocomplete=\"off\" data-trp-original-action=\"https:\/\/kozossegioldalam.hu\/hu\/register\/\" ><input type=\"hidden\" name=\"peepso-config-nonce\" value=\"9b56305585\"\/><div class=\"ps-form__grid\"><div class=\"ps-form__row ps-form__row--full ps-form__row--clear\"><label id=\"usernamemsg\" for=\"username\" class=\"ps-form__label\">\nFelhaszn\u00e1l\u00f3n\u00e9v<span class=\"ps-form__required\">&nbsp;*<\/span><\/label>\n<div class=\"ps-form__field\"><input  type=\"text\" name=\"username\" id=\"username\"  class=\"ps-input username required minlen:2 maxlen:50 custom\" title=\"Add meg a k\u00edv\u00e1nt felhaszn\u00e1l\u00f3nevedet\"  required \/><div class=\"ps-form__field-desc lbl-descript\">Add meg a k\u00edv\u00e1nt felhaszn\u00e1l\u00f3nevedet<\/div><div class=\"ps-form__error\" style=\"display:none\"><\/div><\/div>\n<\/div><div class=\"ps-form__row ps-form__row--half\"><label id=\"emailmsg\" for=\"email\" class=\"ps-form__label\">\nE-mail<span class=\"ps-form__required\">&nbsp;*<\/span><\/label>\n<div class=\"ps-form__field\"><input  type=\"email\" name=\"email\" id=\"email\"  class=\"ps-input email required maxlen:320\" title=\"\u00cdrd be az email c\u00edmed\"  required \/><div class=\"ps-form__field-desc lbl-descript\">\u00cdrd be az email c\u00edmed<\/div><div class=\"ps-form__error\" style=\"display:none\"><\/div><\/div>\n<\/div><div class=\"ps-form__row ps-form__row--half\"><label id=\"email_verifymsg\" for=\"email_verify\" class=\"ps-form__label\">\nEmail meger\u0151s\u00edt\u00e9se<span class=\"ps-form__required\">&nbsp;*<\/span><\/label>\n<div class=\"ps-form__field\"><input  type=\"email\" name=\"email_verify\" id=\"email_verify\"  class=\"ps-input email required maxlen:320\" title=\"Ism\u00e9telje meg e-mail c\u00edm\u00e9t\"  required onpaste=\"return false\" \/><div class=\"ps-form__field-desc lbl-descript\">Ism\u00e9telje meg e-mail c\u00edm\u00e9t<\/div><div class=\"ps-form__error\" style=\"display:none\"><\/div><\/div>\n<\/div><div class=\"ps-form__row ps-form__row--half\"><label id=\"passwordmsg\" for=\"password\" class=\"ps-form__label\">\nJelsz\u00f3<span class=\"ps-form__required\">&nbsp;*<\/span><\/label>\n<div class=\"ps-form__field\"><input type=\"password\" name=\"password\" id=\"password\"  class=\"ps-input password password_lowercase password_uppercase password_number password_special required\" title=\"Add meg a v\u00e1lasztott jelszavadat\"  required \/><span id=\"errpassword\" style=\"display:none;\">&nbsp;<\/span><div class=\"ps-form__field-desc lbl-descript\">Add meg a v\u00e1lasztott jelszavadat<\/div><div class=\"ps-form__error\" style=\"display:none\"><\/div><\/div>\n<\/div><div class=\"ps-form__row ps-form__row--half\"><label id=\"password2msg\" for=\"password2\" class=\"ps-form__label\">\nJelsz\u00f3 meger\u0151s\u00edt\u00e9se<span class=\"ps-form__required\">&nbsp;*<\/span><\/label>\n<div class=\"ps-form__field\"><input type=\"password\" name=\"password2\" id=\"password2\"  class=\"ps-input password password_lowercase password_uppercase password_number password_special required\" title=\"Ism\u00e9telje meg jelszav\u00e1t\"  required \/><span id=\"errpassword2\" style=\"display:none;\">&nbsp;<\/span><div class=\"ps-form__field-desc lbl-descript\">Ism\u00e9telje meg jelszav\u00e1t<\/div><div class=\"ps-form__error\" style=\"display:none\"><\/div><\/div>\n<\/div>\t\t\t<div class=\"ps-form__row\">\n\t\t\t\t\t\t\t\t<label id=\"peepso_user_field_first_namemsg\" for=\"peepso_user_field_first_name\" class=\"ps-form__label\">Keresztn\u00e9v<span class=\"ps-form__required\">&nbsp;*<\/span><\/label>\n\t\t\t\t\t\t\t\t<div class=\"ps-form__field\">\n\t\t\t\t\t<div class=\"ps-input__wrapper\"><input class=\"ps-input ps-input--sm ps-input--count\" type=\"text\" value=\"\" name=\"profile_field_15\" id=\"profile_field_15\" data-id=\"15\" required><div class=\"ps-form__chars-count ps-js-counter\" style=\"display:none\"><\/div><\/div>\t\t\t\t\t<div class=\"ps-form__field-desc lbl-descript\">Mi a neved?<\/div>\n\t\t\t\t\t<div class=\"ps-form__error\" style=\"display:none\"><\/div>\t\t\t\t<\/div>\n\t\t\t<\/div>\n\t\t\t\t\t<div class=\"ps-form__row\">\n\t\t\t\t\t\t\t\t<label id=\"peepso_user_field_first_namemsg\" for=\"peepso_user_field_first_name\" class=\"ps-form__label\">Vezet\u00e9kn\u00e9v<span class=\"ps-form__required\">&nbsp;*<\/span><\/label>\n\t\t\t\t\t\t\t\t<div class=\"ps-form__field\">\n\t\t\t\t\t<div class=\"ps-input__wrapper\"><input class=\"ps-input ps-input--sm ps-input--count\" type=\"text\" value=\"\" name=\"profile_field_16\" id=\"profile_field_16\" data-id=\"16\" required><div class=\"ps-form__chars-count ps-js-counter\" style=\"display:none\"><\/div><\/div>\t\t\t\t\t<div class=\"ps-form__field-desc lbl-descript\">Mi a vezet\u00e9kneved?<\/div>\n\t\t\t\t\t<div class=\"ps-form__error\" style=\"display:none\"><\/div>\t\t\t\t<\/div>\n\t\t\t<\/div>\n\t\t\t\t\t<div class=\"ps-form__row\">\n\t\t\t\t\t\t\t\t<label id=\"peepso_user_field_first_namemsg\" for=\"peepso_user_field_first_name\" class=\"ps-form__label\">Nem (f\u00e9rfi, n\u0151)<span class=\"ps-form__required\">&nbsp;*<\/span><\/label>\n\t\t\t\t\t\t\t\t<div class=\"ps-form__field\">\n\t\t\t\t\t\t\t<select name=\"profile_field_17\" id=\"profile_field_17\" data-id=\"17\" class=\"ps-input\" required>\n\t\t\t<option value=\"\">V\u00e1lassz egy lehet\u0151s\u00e9get ...<\/option>\n\t\t\t<option  value=\"m\">F\u00e9rfi<\/option><option  value=\"f\">N\u0151<\/option>\t\t<\/select>\n\t\t\t\t\t\t\t<div class=\"ps-form__field-desc lbl-descript\">Milyen nem\u0171 vagy?<\/div>\n\t\t\t\t\t<div class=\"ps-form__error\" style=\"display:none\"><\/div>\t\t\t\t<\/div>\n\t\t\t<\/div>\n\t\t\t\t\t<div class=\"ps-form__row\">\n\t\t\t\t\t\t\t\t<label id=\"peepso_user_field_first_namemsg\" for=\"peepso_user_field_first_name\" class=\"ps-form__label\">Sz\u00fclet\u00e9si d\u00e1tum<span class=\"ps-form__required\">&nbsp;*<\/span><\/label>\n\t\t\t\t\t\t\t\t<div class=\"ps-form__field\">\n\t\t\t\t\t<div style=\"position:relative\"><input data-date-range-min=\"100\" data-date-range-max=\"0\" type=\"text\" class=\"ps-input datepicker\" value=\"\" name=\"profile_field_18\" id=\"profile_field_18\" data-id=\"18\" title=\"D\u00e1tum be\u00e1ll\u00edt\u00e1sa\" readonly=\"readonly\" data-value=\"\"><button class=\"ps-btn ps-btn-small ps-icon-calendar\" type=\"button\" title=\"D\u00e1tum v\u00e1laszt\u00f3\" style=\"position:absolute; top:3px; right:3px; bottom:3px\"><\/button><\/div>\t\t\t\t\t<div class=\"ps-form__field-desc lbl-descript\">Mikor sz\u00fclett\u00e9l?<\/div>\n\t\t\t\t\t<div class=\"ps-form__error\" style=\"display:none\"><\/div>\t\t\t\t<\/div>\n\t\t\t<\/div>\n\t\t\t\t\t<div class=\"ps-form__row\">\n\t\t\t\t\t\t\t\t<label id=\"peepso_user_field_first_namemsg\" for=\"peepso_user_field_first_name\" class=\"ps-form__label\">Hely (Orsz\u00e1g \/ V\u00e1ros)<\/label>\n\t\t\t\t\t\t\t\t<div class=\"ps-form__field\">\n\t\t\t\t\t<div class=\"ps-input__wrapper\"><input class=\"ps-input ps-input--sm ps-input--count\" type=\"text\" value=\"\" name=\"profile_field_3632\" id=\"profile_field_3632\" data-id=\"3632\"><div class=\"ps-form__chars-count ps-js-counter\" style=\"display:none\"><\/div><\/div>\t\t\t\t\t<div class=\"ps-form__field-desc lbl-descript\"><\/div>\n\t\t\t\t\t<div class=\"ps-form__error\" style=\"display:none\"><\/div>\t\t\t\t<\/div>\n\t\t\t<\/div>\n\t\t<input type=\"hidden\" name=\"task\" value=\"-register-save\" \/>\n<input type=\"hidden\" name=\"-form-id\" value=\"200f98af4e\" \/>\n<input type=\"hidden\" name=\"authkey\" value=\"\" \/>\n<div class=\"ps-form__row ps-form__row--checkbox\"><label id=\"termsmsg\" for=\"terms\" class=\"ps-form__label\">\nElolvastam \u00e9s elfogadom <a href=\"https:\/\/kozossegioldalam.hu\/hu\/felhasznalasi-feltetelek-es-szabalyok\/?cb=1777673852\" target=\"_blank\" class=\"ps-js-btn-showterms-new-tab\">Felhaszn\u00e1l\u00e1si felt\u00e9telek<\/a>.<span class=\"ps-form__required\">&nbsp;*<\/span><\/label>\n<div class=\"ps-form__field\"><div class=\"ps-checkbox\"><input class=\"ps-checkbox__input\" type=\"checkbox\" name=\"terms\" id=\"terms\"  required \/><label class=\"ps-checkbox__label\" for=\"terms\"><\/label><\/div><div class=\"ps-form__error\" style=\"display:none\"><\/div><\/div>\n<\/div><div class=\"ps-form__row ps-form__row--checkbox\"><label id=\"privacymsg\" for=\"privacy\" class=\"ps-form__label\">\nElolvastam \u00e9s elfogadom <a href=\"https:\/\/kozossegioldalam.hu\/hu\/adatkezelesi-tajekoztato\/?cb=1777673852\" target=\"_blank\" class=\"ps-js-btn-showterms-new-tab\">Adatv\u00e9delmi szab\u00e1lyzat<\/a>.<span class=\"ps-form__required\">&nbsp;*<\/span><\/label>\n<div class=\"ps-form__field\"><div class=\"ps-checkbox\"><input class=\"ps-checkbox__input\" type=\"checkbox\" name=\"privacy\" id=\"privacy\"  required \/><label class=\"ps-checkbox__label\" for=\"privacy\"><\/label><\/div><div class=\"ps-form__error\" style=\"display:none\"><\/div><\/div>\n<\/div><div class=\"ps-form__row\"><div class=\"ps-form__field\"><div class=\"ps-form__message\">A csillaggal (<span class=\"ps-form__required\">*<\/span>) sz\u00fcks\u00e9ges.<\/div><div class=\"ps-form__error\" style=\"display:none\"><\/div><\/div>\n<\/div><div class=\"ps-form__row ps-form__row--submit\"><div class=\"ps-form__field\"><button type=\"submit\" name=\"submit\"  class=\"ps-btn ps-btn--action\" value=\"Regisztr\u00e1ci\u00f3\" >Regisztr\u00e1ci\u00f3<img decoding=\"async\" src=\"https:\/\/kozossegioldalam.hu\/wp-content\/plugins\/peepso\/assets\/images\/ajax-loader.gif\" style=\"margin-left:10px;display:none\" \/><\/button><div class=\"ps-form__error\" style=\"display:none\"><\/div><\/div>\n<\/div><\/div><input type=\"hidden\" name=\"trp-form-language\" value=\"hu\"\/><\/form>\n\t\t\t\t\t<\/div>\n\t<\/div>\n<\/div><!-- end: PEEPSO WRAPPER -->\n\n<script>\njQuery(function($) {\n    var data = window.peepsodata && peepsodata.register || {},\n        TERMS_TITLE = 'Felhaszn\u00e1l\u00e1si felt\u00e9telek',\n        TERMS_TEXT = data.text_terms,\n        PRIVACY_TITLE = 'Adatv\u00e9delmi szab\u00e1lyzat',\n        PRIVACY_TEXT = data.text_privacy;\n\n    $('.ps-js-btn-showterms').on('click', function(e) {\n        e.preventDefault();\n        peepso.dialog(TERMS_TEXT, { title: TERMS_TITLE, wide: true }).show();\n    });\n\n    $('.ps-js-btn-showprivacy').on('click', function(e) {\n        e.preventDefault();\n        peepso.dialog(PRIVACY_TEXT, { title: PRIVACY_TITLE, wide: true }).show();\n    });\n});\n<\/script>\n<\/div>\n\n\n<style>\n\n#szem-ikon, #szem-ikon2 { background-color: #0966ff; padding:15px; border-radius: 5px; margin-top:20px !important;}\n.ps-form__field-desc.lbl-descript {margin-top:25px !important;}\n<\/style>\n\n\n<script>\n\n\/\/ Create a button element\n      const button = document.createElement('a')\nconst button2 = document.createElement('a')\n\n\n      \/\/ Set the button text to 'Can you click me?'\n      button.innerHTML= \"<a><img src=\\\"https:\/\/kozossegioldalam.hu\/wp-content\/uploads\/2024\/02\/output-onlinepngtools.png\\\" width=\\\"16px\\\"><\/a>\";\n\n      button.id = 'szem-ikon'\n\n      \/\/ Attach the \"click\" event to your button\n      button.addEventListener('click', () => {\n\nif (document.getElementById('password').type != 'text') {\n \n        button.innerHTML = \"<a><img src=\\\"https:\/\/kozossegioldalam.hu\/wp-content\/uploads\/2024\/02\/output-onlinepngtools-1.png\\\" width=\\\"16px\\\"><\/a>\";\n        document.getElementById('password').type = 'text';\n    \/\/document.getElementById('password').style.setProperty(\"-webkit-text-security\", \"none\");\n    \/\/document.getElementById('password').style.setProperty(\"-moz-text-security\", \"none\");\n\n} else {\n \n        button.innerHTML = \"<a><img src=\\\"https:\/\/kozossegioldalam.hu\/wp-content\/uploads\/2024\/02\/output-onlinepngtools.png\\\" width=\\\"16px\\\"><\/a>\";\n        document.getElementById('password').type = 'password';\n   \/\/ document.getElementById('password').style.setProperty(\"-webkit-text-security\", \"disc\");\n   \/\/ document.getElementById('password').style.setProperty(\"-moz-text-security\", \"disc\");\n\n\n}\n\n\n      })\nlet password=document.getElementById(\"password\");\npassword.after(button);\n\n\/\/ Set the button text to 'Can you click me?'\n      button2.innerHTML= \"<a><img src=\\\"https:\/\/kozossegioldalam.hu\/wp-content\/uploads\/2024\/02\/output-onlinepngtools.png\\\" width=\\\"16px\\\"><\/a>\";\n\n      button2.id = 'szem-ikon2'\n\n      \/\/ Attach the \"click\" event to your button\n      button2.addEventListener('click', () => {\n\nif (document.getElementById('password2').type != 'text') {\n \n        button2.innerHTML = \"<a><img src=\\\"https:\/\/kozossegioldalam.hu\/wp-content\/uploads\/2024\/02\/output-onlinepngtools-1.png\\\" width=\\\"16px\\\"><\/a>\";\n        document.getElementById('password2').type = 'text';\n    \/\/document.getElementById('password2').style.setProperty(\"-webkit-text-security\", \"none\");\n    \/\/document.getElementById('password2').style.setProperty(\"-moz-text-security\", \"none\");\n\n} else {\n \n        button2.innerHTML = \"<a><img src=\\\"https:\/\/kozossegioldalam.hu\/wp-content\/uploads\/2024\/02\/output-onlinepngtools.png\\\" width=\\\"16px\\\"><\/a>\";\n        document.getElementById('password2').type = 'password';\n   \/\/ document.getElementById('password2').style.setProperty(\"-webkit-text-security\", \"disc\");\n   \/\/ document.getElementById('password2').style.setProperty(\"-moz-text-security\", \"disc\");\n\n\n}\n\n\n      })\nlet password2=document.getElementById(\"password2\");\npassword2.after(button2);\n\n\/*\nsetInterval(function () {\n\nif (document.activeElement !== password || document.activeElement !== button) { \nbutton.innerHTML = \"<img src=\\\"https:\/\/kozossegioldalam.hu\/wp-content\/uploads\/2024\/02\/output-onlinepngtools.png\\\" width=\\\"16px\\\">\";\n        document.getElementById('password').type = 'password';\n}\n\n\nif (document.activeElement.value !== password2 || document.activeElement !== button2) { \nbutton2.innerHTML = \"<img src=\\\"https:\/\/kozossegioldalam.hu\/wp-content\/uploads\/2024\/02\/output-onlinepngtools.png\\\" width=\\\"16px\\\">\";\n        document.getElementById('password2').type = 'password';\n}\n}, 1000);\n*\/\n    \n\n<\/script>","protected":false},"excerpt":{"rendered":"","protected":false},"author":91,"featured_media":0,"parent":0,"menu_order":0,"comment_status":"closed","ping_status":"closed","template":"","meta":{"om_disable_all_campaigns":false,"_monsterinsights_skip_tracking":false,"_monsterinsights_sitenote_active":false,"_monsterinsights_sitenote_note":"","_monsterinsights_sitenote_category":0,"_uf_show_specific_survey":0,"_uf_disable_surveys":false,"footnotes":""},"class_list":["post-9","page","type-page","status-publish","hentry"],"aioseo_notices":[],"_links":{"self":[{"href":"https:\/\/kozossegioldalam.hu\/hu\/wp-json\/wp\/v2\/pages\/9","targetHints":{"allow":["GET"]}}],"collection":[{"href":"https:\/\/kozossegioldalam.hu\/hu\/wp-json\/wp\/v2\/pages"}],"about":[{"href":"https:\/\/kozossegioldalam.hu\/hu\/wp-json\/wp\/v2\/types\/page"}],"author":[{"embeddable":true,"href":"https:\/\/kozossegioldalam.hu\/hu\/wp-json\/wp\/v2\/users\/91"}],"replies":[{"embeddable":true,"href":"https:\/\/kozossegioldalam.hu\/hu\/wp-json\/wp\/v2\/comments?post=9"}],"version-history":[{"count":59,"href":"https:\/\/kozossegioldalam.hu\/hu\/wp-json\/wp\/v2\/pages\/9\/revisions"}],"predecessor-version":[{"id":2584,"href":"https:\/\/kozossegioldalam.hu\/hu\/wp-json\/wp\/v2\/pages\/9\/revisions\/2584"}],"wp:attachment":[{"href":"https:\/\/kozossegioldalam.hu\/hu\/wp-json\/wp\/v2\/media?parent=9"}],"curies":[{"name":"wp","href":"https:\/\/api.w.org\/{rel}","templated":true}]}}